{"id":52203,"date":"2022-11-22T11:26:43","date_gmt":"2022-11-22T10:26:43","guid":{"rendered":"https:\/\/sangioveserestaurant.com\/producto\/menu-sangiovese-nights\/"},"modified":"2026-02-17T19:00:23","modified_gmt":"2026-02-17T18:00:23","slug":"menu-sangiovese-nights","status":"publish","type":"product","link":"https:\/\/sangioveserestaurant.com\/ca\/producto\/menu-sangiovese-nights\/","title":{"rendered":"Men\u00fa Sangiovese Nights"},"content":{"rendered":"<p>[et_pb_section fb_built=&#8221;1&#8243; _builder_version=&#8221;4.16&#8243; custom_padding=&#8221;0px||||false|false&#8221; global_colors_info=&#8221;{}&#8221;][et_pb_row _builder_version=&#8221;4.16&#8243; background_size=&#8221;initial&#8221; background_position=&#8221;top_left&#8221; background_repeat=&#8221;repeat&#8221; width=&#8221;100%&#8221; custom_padding=&#8221;0px||0px||false|false&#8221; global_colors_info=&#8221;{}&#8221;][et_pb_column type=&#8221;4_4&#8243; _builder_version=&#8221;4.16&#8243; custom_padding=&#8221;|||&#8221; global_colors_info=&#8221;{}&#8221; custom_padding__hover=&#8221;|||&#8221;][et_pb_wc_breadcrumb _builder_version=&#8221;4.16&#8243; global_colors_info=&#8221;{}&#8221;][\/et_pb_wc_breadcrumb][et_pb_wc_cart_notice _builder_version=&#8221;4.16&#8243; global_colors_info=&#8221;{}&#8221;][\/et_pb_wc_cart_notice][\/et_pb_column][\/et_pb_row][et_pb_row column_structure=&#8221;1_2,1_2&#8243; _builder_version=&#8221;4.16&#8243; background_size=&#8221;initial&#8221; background_position=&#8221;top_left&#8221; background_repeat=&#8221;repeat&#8221; width=&#8221;100%&#8221; custom_padding=&#8221;0px||||false|false&#8221; global_colors_info=&#8221;{}&#8221;][et_pb_column type=&#8221;1_2&#8243; _builder_version=&#8221;4.16&#8243; custom_padding=&#8221;|||&#8221; global_colors_info=&#8221;{}&#8221; custom_padding__hover=&#8221;|||&#8221;][et_pb_wc_images _builder_version=&#8221;4.16&#8243; global_colors_info=&#8221;{}&#8221;][\/et_pb_wc_images][\/et_pb_column][et_pb_column type=&#8221;1_2&#8243; _builder_version=&#8221;4.16&#8243; custom_padding=&#8221;|||&#8221; global_colors_info=&#8221;{}&#8221; custom_padding__hover=&#8221;|||&#8221;][et_pb_wc_title product=&#8221;52137&#8243; _builder_version=&#8221;4.22.2&#8243; global_colors_info=&#8221;{}&#8221;][\/et_pb_wc_title][et_pb_text _builder_version=&#8221;4.22.2&#8243; _module_preset=&#8221;default&#8221; global_colors_info=&#8221;{}&#8221;]<\/p>\n<p>PRECIO: 39.50\u20ac por persona<\/p>\n<p>[\/et_pb_text][et_pb_wc_description _builder_version=&#8221;4.22.2&#8243; global_colors_info=&#8221;{}&#8221;][\/et_pb_wc_description][et_pb_wc_meta _builder_version=&#8221;4.16&#8243; global_colors_info=&#8221;{}&#8221;][\/et_pb_wc_meta][et_pb_wc_add_to_cart _builder_version=&#8221;4.22.2&#8243; _module_preset=&#8221;default&#8221; global_colors_info=&#8221;{}&#8221;][\/et_pb_wc_add_to_cart][\/et_pb_column][\/et_pb_row][\/et_pb_section]<\/p>\n","protected":false},"excerpt":{"rendered":"<p>PRECIO: 39.50\u20ac por persona<\/p>\n","protected":false},"featured_media":56181,"comment_status":"open","ping_status":"closed","template":"","meta":{"_et_pb_use_builder":"on","_et_pb_old_content":"","_et_gb_content_width":"","_monsterinsights_skip_tracking":false,"_monsterinsights_sitenote_active":false,"_monsterinsights_sitenote_note":"","_monsterinsights_sitenote_category":0},"product_brand":[],"product_cat":[61],"product_tag":[],"giftcard-category":[],"class_list":{"0":"post-52203","1":"product","2":"type-product","3":"status-publish","4":"has-post-thumbnail","6":"product_cat-menu-nights-ca","8":"first","9":"instock","10":"taxable","11":"shipping-taxable","12":"purchasable","13":"product-type-variable"},"aioseo_notices":[],"yoast_head":"<!-- This site is optimized with the Yoast SEO plugin v21.3 - https:\/\/yoast.com\/wordpress\/plugins\/seo\/ -->\n<title>Men\u00fa Sangiovese Nights - Sangiovese Restaurant Matar\u00f3<\/title>\n<meta name=\"robots\" content=\"index, follow, max-snippet:-1, max-image-preview:large, max-video-preview:-1\" \/>\n<link rel=\"canonical\" href=\"https:\/\/sangioveserestaurant.com\/ca\/producto\/menu-sangiovese-nights\/\" \/>\n<meta property=\"og:locale\" content=\"ca_ES\" \/>\n<meta property=\"og:type\" content=\"article\" \/>\n<meta property=\"og:title\" content=\"Men\u00fa Sangiovese Nights - Sangiovese Restaurant Matar\u00f3\" \/>\n<meta property=\"og:description\" content=\"PRECIO: 39.50\u20ac por persona\" \/>\n<meta property=\"og:url\" content=\"https:\/\/sangioveserestaurant.com\/ca\/producto\/menu-sangiovese-nights\/\" \/>\n<meta property=\"og:site_name\" content=\"Sangiovese Restaurant Matar\u00f3\" \/>\n<meta property=\"article:publisher\" content=\"https:\/\/www.facebook.com\/sangioveserestaurant\/\" \/>\n<meta property=\"article:modified_time\" content=\"2026-02-17T18:00:23+00:00\" \/>\n<meta property=\"og:image\" content=\"https:\/\/sangioveserestaurant.com\/wp-content\/uploads\/2022\/11\/sangio-nights.jpg\" \/>\n\t<meta property=\"og:image:width\" content=\"1061\" \/>\n\t<meta property=\"og:image:height\" content=\"762\" \/>\n\t<meta property=\"og:image:type\" content=\"image\/jpeg\" \/>\n<meta name=\"twitter:card\" content=\"summary_large_image\" \/>\n<script type=\"application\/ld+json\" class=\"yoast-schema-graph\">{\"@context\":\"https:\/\/schema.org\",\"@graph\":[{\"@type\":\"WebPage\",\"@id\":\"https:\/\/sangioveserestaurant.com\/ca\/producto\/menu-sangiovese-nights\/\",\"url\":\"https:\/\/sangioveserestaurant.com\/ca\/producto\/menu-sangiovese-nights\/\",\"name\":\"Men\u00fa Sangiovese Nights - Sangiovese Restaurant Matar\u00f3\",\"isPartOf\":{\"@id\":\"https:\/\/sangioveserestaurant.com\/ca\/#website\"},\"datePublished\":\"2022-11-22T10:26:43+00:00\",\"dateModified\":\"2026-02-17T18:00:23+00:00\",\"breadcrumb\":{\"@id\":\"https:\/\/sangioveserestaurant.com\/ca\/producto\/menu-sangiovese-nights\/#breadcrumb\"},\"inLanguage\":\"ca\",\"potentialAction\":[{\"@type\":\"ReadAction\",\"target\":[\"https:\/\/sangioveserestaurant.com\/ca\/producto\/menu-sangiovese-nights\/\"]}]},{\"@type\":\"BreadcrumbList\",\"@id\":\"https:\/\/sangioveserestaurant.com\/ca\/producto\/menu-sangiovese-nights\/#breadcrumb\",\"itemListElement\":[{\"@type\":\"ListItem\",\"position\":1,\"name\":\"Portada\",\"item\":\"https:\/\/sangioveserestaurant.com\/ca\/\"},{\"@type\":\"ListItem\",\"position\":2,\"name\":\"botiga\",\"item\":\"https:\/\/sangioveserestaurant.com\/ca\/botiga\/\"},{\"@type\":\"ListItem\",\"position\":3,\"name\":\"Men\u00fa Sangiovese Nights\"}]},{\"@type\":\"WebSite\",\"@id\":\"https:\/\/sangioveserestaurant.com\/ca\/#website\",\"url\":\"https:\/\/sangioveserestaurant.com\/ca\/\",\"name\":\"Sangiovese Restaurant Matar\u00f3\",\"description\":\"Cocina creativa mediterr\u00e1nea en Matar\u00f3.\",\"potentialAction\":[{\"@type\":\"SearchAction\",\"target\":{\"@type\":\"EntryPoint\",\"urlTemplate\":\"https:\/\/sangioveserestaurant.com\/ca\/?s={search_term_string}\"},\"query-input\":\"required name=search_term_string\"}],\"inLanguage\":\"ca\"}]}<\/script>\n<!-- \/ Yoast SEO plugin. -->","yoast_head_json":{"title":"Men\u00fa Sangiovese Nights - Sangiovese Restaurant Matar\u00f3","robots":{"index":"index","follow":"follow","max-snippet":"max-snippet:-1","max-image-preview":"max-image-preview:large","max-video-preview":"max-video-preview:-1"},"canonical":"https:\/\/sangioveserestaurant.com\/ca\/producto\/menu-sangiovese-nights\/","og_locale":"ca_ES","og_type":"article","og_title":"Men\u00fa Sangiovese Nights - Sangiovese Restaurant Matar\u00f3","og_description":"PRECIO: 39.50\u20ac por persona","og_url":"https:\/\/sangioveserestaurant.com\/ca\/producto\/menu-sangiovese-nights\/","og_site_name":"Sangiovese Restaurant Matar\u00f3","article_publisher":"https:\/\/www.facebook.com\/sangioveserestaurant\/","article_modified_time":"2026-02-17T18:00:23+00:00","og_image":[{"width":1061,"height":762,"url":"https:\/\/sangioveserestaurant.com\/wp-content\/uploads\/2022\/11\/sangio-nights.jpg","type":"image\/jpeg"}],"twitter_card":"summary_large_image","schema":{"@context":"https:\/\/schema.org","@graph":[{"@type":"WebPage","@id":"https:\/\/sangioveserestaurant.com\/ca\/producto\/menu-sangiovese-nights\/","url":"https:\/\/sangioveserestaurant.com\/ca\/producto\/menu-sangiovese-nights\/","name":"Men\u00fa Sangiovese Nights - Sangiovese Restaurant Matar\u00f3","isPartOf":{"@id":"https:\/\/sangioveserestaurant.com\/ca\/#website"},"datePublished":"2022-11-22T10:26:43+00:00","dateModified":"2026-02-17T18:00:23+00:00","breadcrumb":{"@id":"https:\/\/sangioveserestaurant.com\/ca\/producto\/menu-sangiovese-nights\/#breadcrumb"},"inLanguage":"ca","potentialAction":[{"@type":"ReadAction","target":["https:\/\/sangioveserestaurant.com\/ca\/producto\/menu-sangiovese-nights\/"]}]},{"@type":"BreadcrumbList","@id":"https:\/\/sangioveserestaurant.com\/ca\/producto\/menu-sangiovese-nights\/#breadcrumb","itemListElement":[{"@type":"ListItem","position":1,"name":"Portada","item":"https:\/\/sangioveserestaurant.com\/ca\/"},{"@type":"ListItem","position":2,"name":"botiga","item":"https:\/\/sangioveserestaurant.com\/ca\/botiga\/"},{"@type":"ListItem","position":3,"name":"Men\u00fa Sangiovese Nights"}]},{"@type":"WebSite","@id":"https:\/\/sangioveserestaurant.com\/ca\/#website","url":"https:\/\/sangioveserestaurant.com\/ca\/","name":"Sangiovese Restaurant Matar\u00f3","description":"Cocina creativa mediterr\u00e1nea en Matar\u00f3.","potentialAction":[{"@type":"SearchAction","target":{"@type":"EntryPoint","urlTemplate":"https:\/\/sangioveserestaurant.com\/ca\/?s={search_term_string}"},"query-input":"required name=search_term_string"}],"inLanguage":"ca"}]}},"_links":{"self":[{"href":"https:\/\/sangioveserestaurant.com\/ca\/wp-json\/wp\/v2\/product\/52203","targetHints":{"allow":["GET"]}}],"collection":[{"href":"https:\/\/sangioveserestaurant.com\/ca\/wp-json\/wp\/v2\/product"}],"about":[{"href":"https:\/\/sangioveserestaurant.com\/ca\/wp-json\/wp\/v2\/types\/product"}],"replies":[{"embeddable":true,"href":"https:\/\/sangioveserestaurant.com\/ca\/wp-json\/wp\/v2\/comments?post=52203"}],"wp:featuredmedia":[{"embeddable":true,"href":"https:\/\/sangioveserestaurant.com\/ca\/wp-json\/wp\/v2\/media\/56181"}],"wp:attachment":[{"href":"https:\/\/sangioveserestaurant.com\/ca\/wp-json\/wp\/v2\/media?parent=52203"}],"wp:term":[{"taxonomy":"product_brand","embeddable":true,"href":"https:\/\/sangioveserestaurant.com\/ca\/wp-json\/wp\/v2\/product_brand?post=52203"},{"taxonomy":"product_cat","embeddable":true,"href":"https:\/\/sangioveserestaurant.com\/ca\/wp-json\/wp\/v2\/product_cat?post=52203"},{"taxonomy":"product_tag","embeddable":true,"href":"https:\/\/sangioveserestaurant.com\/ca\/wp-json\/wp\/v2\/product_tag?post=52203"},{"taxonomy":"giftcard-category","embeddable":true,"href":"https:\/\/sangioveserestaurant.com\/ca\/wp-json\/wp\/v2\/giftcard-category?post=52203"}],"curies":[{"name":"wp","href":"https:\/\/api.w.org\/{rel}","templated":true}]}}