{"id":50983,"date":"2022-02-09T11:25:50","date_gmt":"2022-02-09T10:25:50","guid":{"rendered":"https:\/\/sangioveserestaurant.com\/menu-sant-valenti\/"},"modified":"2025-02-10T12:37:07","modified_gmt":"2025-02-10T11:37:07","slug":"menu-sant-valenti","status":"publish","type":"page","link":"https:\/\/sangioveserestaurant.com\/ca\/menu-sant-valenti\/","title":{"rendered":"Men\u00fa Sant Valent\u00ed"},"content":{"rendered":"<p>[et_pb_section fb_built=&#8221;1&#8243; fullwidth=&#8221;on&#8221; admin_label=&#8221;Header&#8221; _builder_version=&#8221;4.22.2&#8243; background_image=&#8221;https:\/\/sangioveserestaurant.com\/wp-content\/uploads\/2024\/02\/Pink-And-Red-Illustrated-Valentines-Sale-Etsy-Shop-Cover-pro-1.png&#8221; custom_margin=&#8221;|||&#8221; custom_padding=&#8221;|||&#8221; global_colors_info=&#8221;{}&#8221;][et_pb_fullwidth_header title=&#8221;Men\u00fa Sant Valent\u00ed&#8221; button_one_text=&#8221;Preu 56,50\u20ac&#8221; button_one_url=&#8221;@ET-DC@eyJkeW5hbWljIjp0cnVlLCJjb250ZW50IjoicG9zdF9saW5rX3VybF9wYWdlIiwic2V0dGluZ3MiOnsicG9zdF9pZCI6IjI4Njc3In19@&#8221; content_max_width=&#8221;650px&#8221; content_max_width_tablet=&#8221;480px&#8221; content_max_width_phone=&#8221;&#8221; content_max_width_last_edited=&#8221;on|phone&#8221; _builder_version=&#8221;4.22.2&#8243; _dynamic_attributes=&#8221;button_one_url&#8221; title_font=&#8221;cannes|700|||||||&#8221; title_font_size=&#8221;70px&#8221; title_line_height=&#8221;1.2em&#8221; content_font=&#8221;||||||||&#8221; content_font_size=&#8221;16px&#8221; content_line_height=&#8221;2em&#8221; background_color=&#8221;rgba(255,198,198,0.55)&#8221; use_background_color_gradient=&#8221;on&#8221; background_color_gradient_type=&#8221;circular&#8221; background_color_gradient_direction_radial=&#8221;right&#8221; background_color_gradient_stops=&#8221;rgba(255,255,255,0) 40%|#ffffff 60%&#8221; background_color_gradient_start=&#8221;rgba(255,255,255,0)&#8221; background_color_gradient_start_position=&#8221;40%&#8221; background_color_gradient_end=&#8221;#ffffff&#8221; background_color_gradient_end_position=&#8221;60%&#8221; background_position=&#8221;center_left&#8221; custom_button_one=&#8221;on&#8221; button_one_text_size=&#8221;16px&#8221; button_one_text_color=&#8221;#ffffff&#8221; button_one_bg_color=&#8221;#0c71c3&#8243; button_one_border_width=&#8221;15px&#8221; button_one_border_color=&#8221;#0c71c3&#8243; button_one_border_radius=&#8221;4px&#8221; button_one_letter_spacing=&#8221;3px&#8221; button_one_font=&#8221;Cabin|700||on|||||&#8221; background_layout=&#8221;light&#8221; custom_padding=&#8221;4vw||4vw||true|&#8221; custom_padding_tablet=&#8221;|||&#8221; custom_padding_phone=&#8221;2vw|0%|2vw||true&#8221; custom_padding_last_edited=&#8221;on|desktop&#8221; animation_style=&#8221;slide&#8221; animation_direction=&#8221;right&#8221; animation_duration=&#8221;3000ms&#8221; animation_intensity_slide=&#8221;2%&#8221; title_font_size_tablet=&#8221;50px&#8221; title_font_size_phone=&#8221;32px&#8221; title_font_size_last_edited=&#8221;on|desktop&#8221; box_shadow_style_button_one=&#8221;preset3&#8243; box_shadow_vertical_button_one=&#8221;20px&#8221; box_shadow_blur_button_one=&#8221;40px&#8221; box_shadow_spread_button_one=&#8221;-7px&#8221; box_shadow_color_button_one=&#8221;rgba(255,109,74,0.5)&#8221; button_one_border_radius_hover=&#8221;4px&#8221; button_one_letter_spacing_hover=&#8221;3px&#8221; global_colors_info=&#8221;{}&#8221; button_one_text_size__hover_enabled=&#8221;off&#8221; button_two_text_size__hover_enabled=&#8221;off&#8221; button_one_text_color__hover_enabled=&#8221;off&#8221; button_two_text_color__hover_enabled=&#8221;off&#8221; button_one_border_width__hover_enabled=&#8221;off&#8221; button_two_border_width__hover_enabled=&#8221;off&#8221; button_one_border_color__hover_enabled=&#8221;off&#8221; button_two_border_color__hover_enabled=&#8221;off&#8221; button_one_border_radius__hover_enabled=&#8221;on&#8221; button_one_border_radius__hover=&#8221;4px&#8221; button_two_border_radius__hover_enabled=&#8221;off&#8221; button_one_letter_spacing__hover_enabled=&#8221;on&#8221; button_one_letter_spacing__hover=&#8221;3px&#8221; button_two_letter_spacing__hover_enabled=&#8221;off&#8221; button_one_bg_color__hover_enabled=&#8221;off&#8221; button_two_bg_color__hover_enabled=&#8221;off&#8221;]<\/p>\n<p><span>Celebra una de les nits m\u00e9s rom\u00e0ntiques de l&#8217;any en bona companyia i degustant el men\u00fa especial Sant V<\/span><span>alent\u00ed<\/span><span> creat per la nostra Xef <\/span><span>Pepi<\/span><span>\u00a0S\u00e1nchez.<\/span><\/p>\n<p>&nbsp;<\/p>\n<p><span><\/span><\/p>\n<p><span><\/span><\/p>\n<p>*Aquest men\u00fa nom\u00e9s es podr\u00e0 degustar la nit del divendres 14 de Febrer.<\/p>\n<blockquote>\n<p>Si vost\u00e9 \u00e9s <strong>cel\u00edac<\/strong> o t\u00e9 alguna intoler\u00e0ncia ha d&#8217;informar al equip de sala per activar els protocols adequats.<\/p>\n<\/blockquote>\n<p>[\/et_pb_fullwidth_header][\/et_pb_section][et_pb_section fb_built=&#8221;1&#8243; admin_label=&#8221;Menus&#8221; _builder_version=&#8221;4.16&#8243; background_enable_image=&#8221;off&#8221; background_size=&#8221;initial&#8221; background_position=&#8221;bottom_center&#8221; custom_padding=&#8221;0px|||||&#8221; custom_width_px=&#8221;900px&#8221; global_colors_info=&#8221;{}&#8221;][et_pb_row _builder_version=&#8221;4.16&#8243; global_colors_info=&#8221;{}&#8221;][et_pb_column type=&#8221;4_4&#8243; _builder_version=&#8221;4.16&#8243; custom_padding=&#8221;|||&#8221; global_colors_info=&#8221;{}&#8221; custom_padding__hover=&#8221;|||&#8221;][et_pb_text _builder_version=&#8221;4.16&#8243; text_font=&#8221;||||||||&#8221; text_font_size=&#8221;16px&#8221; text_line_height=&#8221;2em&#8221; header_font=&#8221;cannes|700|||||||&#8221; header_font_size=&#8221;70px&#8221; header_line_height=&#8221;1.2em&#8221; header_2_font=&#8221;cannes|700|||||||&#8221; header_2_font_size=&#8221;70px&#8221; header_2_line_height=&#8221;1.2em&#8221; header_3_font=&#8221;cannes|700|||||||&#8221; header_3_font_size=&#8221;70px&#8221; header_3_line_height=&#8221;1.2em&#8221; header_4_font=&#8221;cannes|700|||||||&#8221; header_4_font_size=&#8221;70px&#8221; header_4_line_height=&#8221;1.2em&#8221; header_5_font=&#8221;cannes|700|||||||&#8221; header_5_font_size=&#8221;70px&#8221; header_5_line_height=&#8221;1.2em&#8221; header_6_font=&#8221;cannes|700|||||||&#8221; header_6_font_size=&#8221;70px&#8221; header_6_line_height=&#8221;1.2em&#8221; text_orientation=&#8221;center&#8221; max_width=&#8221;710px&#8221; module_alignment=&#8221;center&#8221; header_font_size_tablet=&#8221;50px&#8221; header_font_size_phone=&#8221;32px&#8221; header_font_size_last_edited=&#8221;on|desktop&#8221; header_2_font_size_tablet=&#8221;50px&#8221; header_2_font_size_phone=&#8221;32px&#8221; header_2_font_size_last_edited=&#8221;on|desktop&#8221; header_3_font_size_tablet=&#8221;50px&#8221; header_3_font_size_phone=&#8221;32px&#8221; header_3_font_size_last_edited=&#8221;on|desktop&#8221; header_4_font_size_tablet=&#8221;50px&#8221; header_4_font_size_phone=&#8221;32px&#8221; header_4_font_size_last_edited=&#8221;on|desktop&#8221; header_5_font_size_tablet=&#8221;50px&#8221; header_5_font_size_phone=&#8221;32px&#8221; header_5_font_size_last_edited=&#8221;on|desktop&#8221; header_6_font_size_tablet=&#8221;50px&#8221; header_6_font_size_phone=&#8221;32px&#8221; header_6_font_size_last_edited=&#8221;on|desktop&#8221; global_colors_info=&#8221;{}&#8221;]<\/p>\n<h2>MEN\u00da SANt VALENT\u00cd<\/h2>\n<p>[\/et_pb_text][\/et_pb_column][\/et_pb_row][et_pb_row _builder_version=&#8221;4.19.4&#8243; width=&#8221;100%&#8221; max_width=&#8221;1300px&#8221; max_width_tablet=&#8221;&#8221; max_width_phone=&#8221;&#8221; max_width_last_edited=&#8221;on|desktop&#8221; module_alignment=&#8221;center&#8221; custom_padding=&#8221;2px|||||&#8221; global_colors_info=&#8221;{}&#8221;][et_pb_column type=&#8221;4_4&#8243; _builder_version=&#8221;4.16&#8243; global_colors_info=&#8221;{}&#8221;][et_pb_text _builder_version=&#8221;4.22.2&#8243; text_font_size=&#8221;18px&#8221; text_line_height=&#8221;1.3em&#8221; text_orientation=&#8221;center&#8221; module_alignment=&#8221;center&#8221; global_colors_info=&#8221;{}&#8221;]<\/p>\n<p style=\"text-align: center;\"><strong>DESGUSTACI\u00d3<br \/><\/strong><\/p>\n<p style=\"text-align: center;\"><strong><\/strong><\/p>\n<p style=\"text-align: center;\">C\u00f2ctel Sangiovese Lovers<\/p>\n<p style=\"text-align: center;\"><strong><\/strong>Esf\u00e8ric d&#8217;escopinyes al Vermouth. <br \/>Xip de remolatxa amb mousse d&#8217;anxoves. <br \/>Tempura de musclo al xile chipotle. <br \/>Escuma de moniato al carb\u00f3.<span style=\"font-size: 18px;\">\u00a0<\/span><\/p>\n<blockquote>\n<p>T\u00e0rtar de corvall amb alvocat, ceba vermella, aj\u00ed groc i fru\u00efta de la passi\u00f3.<\/p>\n<p>Sabai\u00f3 de garotes de mar amb tupinambour i fonoll mar\u00ed<\/p>\n<p>P\u00e8sols del Maresme saltats amb cansalada ib\u00e8rica i escuma de ceba tendra.<\/p>\n<p>Caldereta de lluerna amb patates noisette i rouille. <br \/>Tataki de llom Black Angus a la mostassa amb aligot de formatge taleggio.<\/p>\n<p>&nbsp;<\/p>\n<p>&nbsp;<\/p>\n<p>Amb tot el cor, xocolata blanca i fru\u00efts vermells.<\/p>\n<\/blockquote>\n<p style=\"text-align: center;\">Preu per comensal 56,50 \u20ac<\/p>\n<p>[\/et_pb_text][\/et_pb_column][\/et_pb_row][et_pb_row column_structure=&#8221;1_2,1_2&#8243; use_custom_gutter=&#8221;on&#8221; gutter_width=&#8221;2&#8243; _builder_version=&#8221;4.16&#8243; global_colors_info=&#8221;{}&#8221;][et_pb_column type=&#8221;1_2&#8243; _builder_version=&#8221;4.16&#8243; custom_padding=&#8221;|||&#8221; custom_padding_tablet=&#8221;&#8221; custom_padding_phone=&#8221;|||0px&#8221; custom_padding_last_edited=&#8221;on|phone&#8221; global_colors_info=&#8221;{}&#8221; padding_phone=&#8221;|||0px&#8221; padding_last_edited=&#8221;on|phone&#8221; custom_padding__hover=&#8221;|||&#8221;][et_pb_button button_url=&#8221;@ET-DC@eyJkeW5hbWljIjp0cnVlLCJjb250ZW50IjoicG9zdF9saW5rX3VybF9hdHRhY2htZW50Iiwic2V0dGluZ3MiOnsicG9zdF9pZCI6IjU2OTY1In19@&#8221; url_new_window=&#8221;on&#8221; button_text=&#8221;CARTA PDF&#8221; button_alignment=&#8221;right&#8221; _builder_version=&#8221;4.22.2&#8243; _dynamic_attributes=&#8221;button_url&#8221; custom_button=&#8221;on&#8221; button_text_size=&#8221;25px&#8221; button_text_color=&#8221;#666666&#8243; button_bg_color=&#8221;#e9e9e9&#8243; button_border_width=&#8221;10px&#8221; button_border_color=&#8221;rgba(0,0,0,0)&#8221; button_border_radius=&#8221;4px&#8221; button_letter_spacing=&#8221;3px&#8221; button_font=&#8221;Cabin|700||on|||||&#8221; box_shadow_style=&#8221;preset3&#8243; box_shadow_vertical=&#8221;20px&#8221; box_shadow_blur=&#8221;40px&#8221; box_shadow_spread=&#8221;-7px&#8221; box_shadow_color=&#8221;rgba(233,233,233,0.5)&#8221; button_border_radius_hover=&#8221;4px&#8221; button_letter_spacing_hover=&#8221;3px&#8221; locked=&#8221;off&#8221; global_colors_info=&#8221;{}&#8221; button_text_size__hover_enabled=&#8221;off&#8221; button_one_text_size__hover_enabled=&#8221;off&#8221; button_two_text_size__hover_enabled=&#8221;off&#8221; button_text_color__hover_enabled=&#8221;off&#8221; button_one_text_color__hover_enabled=&#8221;off&#8221; button_two_text_color__hover_enabled=&#8221;off&#8221; button_border_width__hover_enabled=&#8221;off&#8221; button_one_border_width__hover_enabled=&#8221;off&#8221; button_two_border_width__hover_enabled=&#8221;off&#8221; button_border_color__hover_enabled=&#8221;off&#8221; button_one_border_color__hover_enabled=&#8221;off&#8221; button_two_border_color__hover_enabled=&#8221;off&#8221; button_border_radius__hover_enabled=&#8221;on&#8221; button_border_radius__hover=&#8221;4px&#8221; button_one_border_radius__hover_enabled=&#8221;off&#8221; button_two_border_radius__hover_enabled=&#8221;off&#8221; button_letter_spacing__hover_enabled=&#8221;on&#8221; button_letter_spacing__hover=&#8221;3px&#8221; button_one_letter_spacing__hover_enabled=&#8221;off&#8221; button_two_letter_spacing__hover_enabled=&#8221;off&#8221; button_bg_color__hover_enabled=&#8221;off&#8221; button_one_bg_color__hover_enabled=&#8221;off&#8221; button_two_bg_color__hover_enabled=&#8221;off&#8221;][\/et_pb_button][\/et_pb_column][et_pb_column type=&#8221;1_2&#8243; _builder_version=&#8221;4.16&#8243; custom_padding=&#8221;|||&#8221; global_colors_info=&#8221;{}&#8221; custom_padding__hover=&#8221;|||&#8221;][et_pb_button button_url=&#8221;https:\/\/sangioveserestaurant.myrestoo.net\/&#8221; button_text=&#8221;RESERVAR&#8221; button_alignment=&#8221;center&#8221; _builder_version=&#8221;4.22.2&#8243; custom_button=&#8221;on&#8221; button_text_size=&#8221;25px&#8221; button_text_color=&#8221;#ffffff&#8221; button_bg_color=&#8221;#31496C&#8221; button_border_width=&#8221;10px&#8221; button_border_color=&#8221;#31496C&#8221; button_border_radius=&#8221;4px&#8221; button_letter_spacing=&#8221;3px&#8221; button_font=&#8221;Cabin|700||on|||||&#8221; box_shadow_style=&#8221;preset3&#8243; box_shadow_vertical=&#8221;20px&#8221; box_shadow_blur=&#8221;40px&#8221; box_shadow_spread=&#8221;-7px&#8221; box_shadow_color=&#8221;rgba(255,109,74,0.5)&#8221; button_border_radius_hover=&#8221;4px&#8221; button_letter_spacing_hover=&#8221;3px&#8221; locked=&#8221;off&#8221; global_colors_info=&#8221;{}&#8221; button_text_size__hover_enabled=&#8221;off&#8221; button_one_text_size__hover_enabled=&#8221;off&#8221; button_two_text_size__hover_enabled=&#8221;off&#8221; button_text_color__hover_enabled=&#8221;off&#8221; button_one_text_color__hover_enabled=&#8221;off&#8221; button_two_text_color__hover_enabled=&#8221;off&#8221; button_border_width__hover_enabled=&#8221;off&#8221; button_one_border_width__hover_enabled=&#8221;off&#8221; button_two_border_width__hover_enabled=&#8221;off&#8221; button_border_color__hover_enabled=&#8221;off&#8221; button_one_border_color__hover_enabled=&#8221;off&#8221; button_two_border_color__hover_enabled=&#8221;off&#8221; button_border_radius__hover_enabled=&#8221;on&#8221; button_border_radius__hover=&#8221;4px&#8221; button_one_border_radius__hover_enabled=&#8221;off&#8221; button_two_border_radius__hover_enabled=&#8221;off&#8221; button_letter_spacing__hover_enabled=&#8221;on&#8221; button_letter_spacing__hover=&#8221;3px&#8221; button_one_letter_spacing__hover_enabled=&#8221;off&#8221; button_two_letter_spacing__hover_enabled=&#8221;off&#8221; button_bg_color__hover_enabled=&#8221;off&#8221; button_one_bg_color__hover_enabled=&#8221;off&#8221; button_two_bg_color__hover_enabled=&#8221;off&#8221;][\/et_pb_button][\/et_pb_column][\/et_pb_row][\/et_pb_section][et_pb_section fb_built=&#8221;1&#8243; custom_padding_last_edited=&#8221;off|desktop&#8221; admin_label=&#8221;Call To Action&#8221; _builder_version=&#8221;4.16&#8243; background_enable_image=&#8221;off&#8221; custom_margin=&#8221;|||&#8221; custom_padding=&#8221;9px||9px||true|&#8221; locked=&#8221;off&#8221; global_colors_info=&#8221;{}&#8221;][et_pb_row _builder_version=&#8221;4.16&#8243; custom_padding=&#8221;46px|||||&#8221; global_colors_info=&#8221;{}&#8221;][et_pb_column type=&#8221;4_4&#8243; _builder_version=&#8221;4.16&#8243; custom_padding=&#8221;|||&#8221; global_colors_info=&#8221;{}&#8221; custom_padding__hover=&#8221;|||&#8221;][et_pb_text _builder_version=&#8221;4.16&#8243; text_font=&#8221;||||||||&#8221; text_font_size=&#8221;16px&#8221; text_line_height=&#8221;2em&#8221; header_font=&#8221;cannes|700|||||||&#8221; header_font_size=&#8221;70px&#8221; header_line_height=&#8221;1.2em&#8221; header_2_font=&#8221;cannes|700|||||||&#8221; header_2_font_size=&#8221;70px&#8221; header_2_line_height=&#8221;1.2em&#8221; header_3_font=&#8221;cannes|700|||||||&#8221; header_3_font_size=&#8221;70px&#8221; header_3_line_height=&#8221;1.2em&#8221; header_4_font=&#8221;cannes|700|||||||&#8221; header_4_font_size=&#8221;70px&#8221; header_4_line_height=&#8221;1.2em&#8221; header_5_font=&#8221;cannes|700|||||||&#8221; header_5_font_size=&#8221;70px&#8221; header_5_line_height=&#8221;1.2em&#8221; header_6_font=&#8221;cannes|700|||||||&#8221; header_6_font_size=&#8221;70px&#8221; header_6_line_height=&#8221;1.2em&#8221; text_orientation=&#8221;center&#8221; max_width=&#8221;1010px&#8221; module_alignment=&#8221;center&#8221; header_font_size_tablet=&#8221;50px&#8221; header_font_size_phone=&#8221;32px&#8221; header_font_size_last_edited=&#8221;on|desktop&#8221; header_2_font_size_tablet=&#8221;50px&#8221; header_2_font_size_phone=&#8221;32px&#8221; header_2_font_size_last_edited=&#8221;on|desktop&#8221; header_3_font_size_tablet=&#8221;50px&#8221; header_3_font_size_phone=&#8221;32px&#8221; header_3_font_size_last_edited=&#8221;on|desktop&#8221; header_4_font_size_tablet=&#8221;50px&#8221; header_4_font_size_phone=&#8221;32px&#8221; header_4_font_size_last_edited=&#8221;on|desktop&#8221; header_5_font_size_tablet=&#8221;50px&#8221; header_5_font_size_phone=&#8221;32px&#8221; header_5_font_size_last_edited=&#8221;on|desktop&#8221; header_6_font_size_tablet=&#8221;50px&#8221; header_6_font_size_phone=&#8221;32px&#8221; header_6_font_size_last_edited=&#8221;on|desktop&#8221; locked=&#8221;off&#8221; global_colors_info=&#8221;{}&#8221;]<\/p>\n<h2>Reserves de grups o empreses<\/h2>\n<p>Si necessiteu reservar per a grups nombrosos, organitzar esdeveniments, fer dinars o sopars d&#8217;empreses, si us plau, contacteu amb nosaltres.[\/et_pb_text][et_pb_button button_url=&#8221;@ET-DC@eyJkeW5hbWljIjp0cnVlLCJjb250ZW50IjoicG9zdF9saW5rX3VybF9wYWdlIiwic2V0dGluZ3MiOnsicG9zdF9pZCI6IjI4NTIyIn19@&#8221; button_text=&#8221;CONTACTAR&#8221; button_alignment=&#8221;center&#8221; _builder_version=&#8221;4.16&#8243; _dynamic_attributes=&#8221;button_url&#8221; custom_button=&#8221;on&#8221; button_text_size=&#8221;16px&#8221; button_text_color=&#8221;#ffffff&#8221; button_bg_color=&#8221;#0c71c3&#8243; button_border_width=&#8221;10px&#8221; button_border_color=&#8221;#0c71c3&#8243; button_border_radius=&#8221;4px&#8221; button_letter_spacing=&#8221;3px&#8221; button_font=&#8221;Cabin|700||on|||||&#8221; box_shadow_style=&#8221;preset3&#8243; box_shadow_vertical=&#8221;20px&#8221; box_shadow_blur=&#8221;40px&#8221; box_shadow_spread=&#8221;-7px&#8221; box_shadow_color=&#8221;rgba(255,109,74,0.5)&#8221; button_border_radius_hover=&#8221;4px&#8221; button_letter_spacing_hover=&#8221;3px&#8221; locked=&#8221;off&#8221; global_colors_info=&#8221;{}&#8221; button_text_size__hover_enabled=&#8221;off&#8221; button_one_text_size__hover_enabled=&#8221;off&#8221; button_two_text_size__hover_enabled=&#8221;off&#8221; button_text_color__hover_enabled=&#8221;off&#8221; button_one_text_color__hover_enabled=&#8221;off&#8221; button_two_text_color__hover_enabled=&#8221;off&#8221; button_border_width__hover_enabled=&#8221;off&#8221; button_one_border_width__hover_enabled=&#8221;off&#8221; button_two_border_width__hover_enabled=&#8221;off&#8221; button_border_color__hover_enabled=&#8221;off&#8221; button_one_border_color__hover_enabled=&#8221;off&#8221; button_two_border_color__hover_enabled=&#8221;off&#8221; button_border_radius__hover_enabled=&#8221;on&#8221; button_border_radius__hover=&#8221;4px&#8221; button_one_border_radius__hover_enabled=&#8221;off&#8221; button_two_border_radius__hover_enabled=&#8221;off&#8221; button_letter_spacing__hover_enabled=&#8221;on&#8221; button_letter_spacing__hover=&#8221;3px&#8221; button_one_letter_spacing__hover_enabled=&#8221;off&#8221; button_two_letter_spacing__hover_enabled=&#8221;off&#8221; button_bg_color__hover_enabled=&#8221;off&#8221; button_one_bg_color__hover_enabled=&#8221;off&#8221; button_two_bg_color__hover_enabled=&#8221;off&#8221;][\/et_pb_button][\/et_pb_column][\/et_pb_row][\/et_pb_section]<\/p>\n","protected":false},"excerpt":{"rendered":"<p>Celebra una de les nits m\u00e9s rom\u00e0ntiques de l&#8217;any en bona companyia i degustant el men\u00fa especial Sant Valent\u00ed creat per la nostra Xef Pepi\u00a0S\u00e1nchez. &nbsp; *Aquest men\u00fa nom\u00e9s es podr\u00e0 degustar la nit del divendres 14 de Febrer. Si vost\u00e9 \u00e9s cel\u00edac o t\u00e9 alguna intoler\u00e0ncia ha d&#8217;informar al equip de sala per activar [&hellip;]<\/p>\n","protected":false},"author":1,"featured_media":0,"parent":0,"menu_order":0,"comment_status":"closed","ping_status":"closed","template":"","meta":{"_et_pb_use_builder":"on","_et_pb_old_content":"","_et_gb_content_width":"","_monsterinsights_skip_tracking":false,"_monsterinsights_sitenote_active":false,"_monsterinsights_sitenote_note":"","_monsterinsights_sitenote_category":0,"footnotes":""},"class_list":["post-50983","page","type-page","status-publish","hentry"],"aioseo_notices":[],"yoast_head":"<!-- This site is optimized with the Yoast SEO plugin v21.3 - https:\/\/yoast.com\/wordpress\/plugins\/seo\/ -->\n<title>Men\u00fa Sant Valent\u00ed - Sangiovese Restaurant Matar\u00f3<\/title>\n<meta name=\"robots\" content=\"index, follow, max-snippet:-1, max-image-preview:large, max-video-preview:-1\" \/>\n<link rel=\"canonical\" href=\"https:\/\/sangioveserestaurant.com\/ca\/menu-sant-valenti\/\" \/>\n<meta property=\"og:locale\" content=\"ca_ES\" \/>\n<meta property=\"og:type\" content=\"article\" \/>\n<meta property=\"og:title\" content=\"Men\u00fa Sant Valent\u00ed - Sangiovese Restaurant Matar\u00f3\" \/>\n<meta property=\"og:description\" content=\"Celebra una de les nits m\u00e9s rom\u00e0ntiques de l&#039;any en bona companyia i degustant el men\u00fa especial Sant Valent\u00ed creat per la nostra Xef Pepi\u00a0S\u00e1nchez. &nbsp; *Aquest men\u00fa nom\u00e9s es podr\u00e0 degustar la nit del divendres 14 de Febrer. Si vost\u00e9 \u00e9s cel\u00edac o t\u00e9 alguna intoler\u00e0ncia ha d&#039;informar al equip de sala per activar [&hellip;]\" \/>\n<meta property=\"og:url\" content=\"https:\/\/sangioveserestaurant.com\/ca\/menu-sant-valenti\/\" \/>\n<meta property=\"og:site_name\" content=\"Sangiovese Restaurant Matar\u00f3\" \/>\n<meta property=\"article:publisher\" content=\"https:\/\/www.facebook.com\/sangioveserestaurant\/\" \/>\n<meta property=\"article:modified_time\" content=\"2025-02-10T11:37:07+00:00\" \/>\n<meta name=\"twitter:card\" content=\"summary_large_image\" \/>\n<script type=\"application\/ld+json\" class=\"yoast-schema-graph\">{\"@context\":\"https:\/\/schema.org\",\"@graph\":[{\"@type\":\"WebPage\",\"@id\":\"https:\/\/sangioveserestaurant.com\/ca\/menu-sant-valenti\/\",\"url\":\"https:\/\/sangioveserestaurant.com\/ca\/menu-sant-valenti\/\",\"name\":\"Men\u00fa Sant Valent\u00ed - Sangiovese Restaurant Matar\u00f3\",\"isPartOf\":{\"@id\":\"https:\/\/sangioveserestaurant.com\/ca\/#website\"},\"datePublished\":\"2022-02-09T10:25:50+00:00\",\"dateModified\":\"2025-02-10T11:37:07+00:00\",\"breadcrumb\":{\"@id\":\"https:\/\/sangioveserestaurant.com\/ca\/menu-sant-valenti\/#breadcrumb\"},\"inLanguage\":\"ca\",\"potentialAction\":[{\"@type\":\"ReadAction\",\"target\":[\"https:\/\/sangioveserestaurant.com\/ca\/menu-sant-valenti\/\"]}]},{\"@type\":\"BreadcrumbList\",\"@id\":\"https:\/\/sangioveserestaurant.com\/ca\/menu-sant-valenti\/#breadcrumb\",\"itemListElement\":[{\"@type\":\"ListItem\",\"position\":1,\"name\":\"Portada\",\"item\":\"https:\/\/sangioveserestaurant.com\/ca\/\"},{\"@type\":\"ListItem\",\"position\":2,\"name\":\"Men\u00fa Sant Valent\u00ed\"}]},{\"@type\":\"WebSite\",\"@id\":\"https:\/\/sangioveserestaurant.com\/ca\/#website\",\"url\":\"https:\/\/sangioveserestaurant.com\/ca\/\",\"name\":\"Sangiovese Restaurant Matar\u00f3\",\"description\":\"Cocina creativa mediterr\u00e1nea en Matar\u00f3.\",\"potentialAction\":[{\"@type\":\"SearchAction\",\"target\":{\"@type\":\"EntryPoint\",\"urlTemplate\":\"https:\/\/sangioveserestaurant.com\/ca\/?s={search_term_string}\"},\"query-input\":\"required name=search_term_string\"}],\"inLanguage\":\"ca\"}]}<\/script>\n<!-- \/ Yoast SEO plugin. -->","yoast_head_json":{"title":"Men\u00fa Sant Valent\u00ed - Sangiovese Restaurant Matar\u00f3","robots":{"index":"index","follow":"follow","max-snippet":"max-snippet:-1","max-image-preview":"max-image-preview:large","max-video-preview":"max-video-preview:-1"},"canonical":"https:\/\/sangioveserestaurant.com\/ca\/menu-sant-valenti\/","og_locale":"ca_ES","og_type":"article","og_title":"Men\u00fa Sant Valent\u00ed - Sangiovese Restaurant Matar\u00f3","og_description":"Celebra una de les nits m\u00e9s rom\u00e0ntiques de l'any en bona companyia i degustant el men\u00fa especial Sant Valent\u00ed creat per la nostra Xef Pepi\u00a0S\u00e1nchez. &nbsp; *Aquest men\u00fa nom\u00e9s es podr\u00e0 degustar la nit del divendres 14 de Febrer. Si vost\u00e9 \u00e9s cel\u00edac o t\u00e9 alguna intoler\u00e0ncia ha d'informar al equip de sala per activar [&hellip;]","og_url":"https:\/\/sangioveserestaurant.com\/ca\/menu-sant-valenti\/","og_site_name":"Sangiovese Restaurant Matar\u00f3","article_publisher":"https:\/\/www.facebook.com\/sangioveserestaurant\/","article_modified_time":"2025-02-10T11:37:07+00:00","twitter_card":"summary_large_image","schema":{"@context":"https:\/\/schema.org","@graph":[{"@type":"WebPage","@id":"https:\/\/sangioveserestaurant.com\/ca\/menu-sant-valenti\/","url":"https:\/\/sangioveserestaurant.com\/ca\/menu-sant-valenti\/","name":"Men\u00fa Sant Valent\u00ed - Sangiovese Restaurant Matar\u00f3","isPartOf":{"@id":"https:\/\/sangioveserestaurant.com\/ca\/#website"},"datePublished":"2022-02-09T10:25:50+00:00","dateModified":"2025-02-10T11:37:07+00:00","breadcrumb":{"@id":"https:\/\/sangioveserestaurant.com\/ca\/menu-sant-valenti\/#breadcrumb"},"inLanguage":"ca","potentialAction":[{"@type":"ReadAction","target":["https:\/\/sangioveserestaurant.com\/ca\/menu-sant-valenti\/"]}]},{"@type":"BreadcrumbList","@id":"https:\/\/sangioveserestaurant.com\/ca\/menu-sant-valenti\/#breadcrumb","itemListElement":[{"@type":"ListItem","position":1,"name":"Portada","item":"https:\/\/sangioveserestaurant.com\/ca\/"},{"@type":"ListItem","position":2,"name":"Men\u00fa Sant Valent\u00ed"}]},{"@type":"WebSite","@id":"https:\/\/sangioveserestaurant.com\/ca\/#website","url":"https:\/\/sangioveserestaurant.com\/ca\/","name":"Sangiovese Restaurant Matar\u00f3","description":"Cocina creativa mediterr\u00e1nea en Matar\u00f3.","potentialAction":[{"@type":"SearchAction","target":{"@type":"EntryPoint","urlTemplate":"https:\/\/sangioveserestaurant.com\/ca\/?s={search_term_string}"},"query-input":"required name=search_term_string"}],"inLanguage":"ca"}]}},"_links":{"self":[{"href":"https:\/\/sangioveserestaurant.com\/ca\/wp-json\/wp\/v2\/pages\/50983","targetHints":{"allow":["GET"]}}],"collection":[{"href":"https:\/\/sangioveserestaurant.com\/ca\/wp-json\/wp\/v2\/pages"}],"about":[{"href":"https:\/\/sangioveserestaurant.com\/ca\/wp-json\/wp\/v2\/types\/page"}],"author":[{"embeddable":true,"href":"https:\/\/sangioveserestaurant.com\/ca\/wp-json\/wp\/v2\/users\/1"}],"replies":[{"embeddable":true,"href":"https:\/\/sangioveserestaurant.com\/ca\/wp-json\/wp\/v2\/comments?post=50983"}],"version-history":[{"count":26,"href":"https:\/\/sangioveserestaurant.com\/ca\/wp-json\/wp\/v2\/pages\/50983\/revisions"}],"predecessor-version":[{"id":56978,"href":"https:\/\/sangioveserestaurant.com\/ca\/wp-json\/wp\/v2\/pages\/50983\/revisions\/56978"}],"wp:attachment":[{"href":"https:\/\/sangioveserestaurant.com\/ca\/wp-json\/wp\/v2\/media?parent=50983"}],"curies":[{"name":"wp","href":"https:\/\/api.w.org\/{rel}","templated":true}]}}