{"id":29617,"date":"2020-10-06T08:49:28","date_gmt":"2020-10-06T08:49:28","guid":{"rendered":"https:\/\/sangioveserestaurant.com\/cistell\/"},"modified":"2022-09-28T19:30:17","modified_gmt":"2022-09-28T18:30:17","slug":"cistell","status":"publish","type":"page","link":"https:\/\/sangioveserestaurant.com\/ca\/cistell\/","title":{"rendered":"Cistella"},"content":{"rendered":"<p>[et_pb_section admin_label=&#8221;section&#8221;]<br \/>\n\t\t\t[et_pb_row admin_label=&#8221;row&#8221;]<br \/>\n\t\t\t\t[et_pb_column type=&#8221;4_4&#8243;][et_pb_text admin_label=&#8221;Text&#8221;]<\/p>\n\n<p>[\/et_pb_text][\/et_pb_column] [\/et_pb_row] [\/et_pb_section]<\/p>\n","protected":false},"excerpt":{"rendered":"\n","protected":false},"author":1,"featured_media":0,"parent":0,"menu_order":0,"comment_status":"closed","ping_status":"closed","template":"","meta":{"_et_pb_use_builder":"on","_et_pb_old_content":"","_et_gb_content_width":"","_monsterinsights_skip_tracking":false,"_monsterinsights_sitenote_active":false,"_monsterinsights_sitenote_note":"","_monsterinsights_sitenote_category":0,"footnotes":""},"class_list":["post-29617","page","type-page","status-publish","hentry"],"aioseo_notices":[],"yoast_head":"<!-- This site is optimized with the Yoast SEO plugin v21.3 - https:\/\/yoast.com\/wordpress\/plugins\/seo\/ -->\n<title>Cistella - Sangiovese Restaurant Matar\u00f3<\/title>\n<meta name=\"robots\" content=\"noindex, nofollow\" \/>\n<meta property=\"og:locale\" content=\"ca_ES\" \/>\n<meta property=\"og:type\" content=\"article\" \/>\n<meta property=\"og:title\" content=\"Cistella - Sangiovese Restaurant Matar\u00f3\" \/>\n<meta property=\"og:url\" content=\"https:\/\/sangioveserestaurant.com\/ca\/cistell\/\" \/>\n<meta property=\"og:site_name\" content=\"Sangiovese Restaurant Matar\u00f3\" \/>\n<meta property=\"article:publisher\" content=\"https:\/\/www.facebook.com\/sangioveserestaurant\/\" \/>\n<meta property=\"article:modified_time\" content=\"2022-09-28T18:30:17+00:00\" \/>\n<meta name=\"twitter:card\" content=\"summary_large_image\" \/>\n<meta name=\"twitter:description\" content=\"[woocommerce_cart]\" \/>\n<script type=\"application\/ld+json\" class=\"yoast-schema-graph\">{\"@context\":\"https:\/\/schema.org\",\"@graph\":[{\"@type\":\"WebPage\",\"@id\":\"https:\/\/sangioveserestaurant.com\/ca\/cistell\/\",\"url\":\"https:\/\/sangioveserestaurant.com\/ca\/cistell\/\",\"name\":\"Cistella - Sangiovese Restaurant Matar\u00f3\",\"isPartOf\":{\"@id\":\"https:\/\/sangioveserestaurant.com\/ca\/#website\"},\"datePublished\":\"2020-10-06T08:49:28+00:00\",\"dateModified\":\"2022-09-28T18:30:17+00:00\",\"breadcrumb\":{\"@id\":\"https:\/\/sangioveserestaurant.com\/ca\/cistell\/#breadcrumb\"},\"inLanguage\":\"ca\",\"potentialAction\":[{\"@type\":\"ReadAction\",\"target\":[\"https:\/\/sangioveserestaurant.com\/ca\/cistell\/\"]}]},{\"@type\":\"BreadcrumbList\",\"@id\":\"https:\/\/sangioveserestaurant.com\/ca\/cistell\/#breadcrumb\",\"itemListElement\":[{\"@type\":\"ListItem\",\"position\":1,\"name\":\"Portada\",\"item\":\"https:\/\/sangioveserestaurant.com\/ca\/\"},{\"@type\":\"ListItem\",\"position\":2,\"name\":\"Cistella\"}]},{\"@type\":\"WebSite\",\"@id\":\"https:\/\/sangioveserestaurant.com\/ca\/#website\",\"url\":\"https:\/\/sangioveserestaurant.com\/ca\/\",\"name\":\"Sangiovese Restaurant Matar\u00f3\",\"description\":\"Cocina creativa mediterr\u00e1nea en Matar\u00f3.\",\"potentialAction\":[{\"@type\":\"SearchAction\",\"target\":{\"@type\":\"EntryPoint\",\"urlTemplate\":\"https:\/\/sangioveserestaurant.com\/ca\/?s={search_term_string}\"},\"query-input\":\"required name=search_term_string\"}],\"inLanguage\":\"ca\"}]}<\/script>\n<!-- \/ Yoast SEO plugin. -->","yoast_head_json":{"title":"Cistella - Sangiovese Restaurant Matar\u00f3","robots":{"index":"noindex","follow":"nofollow"},"og_locale":"ca_ES","og_type":"article","og_title":"Cistella - Sangiovese Restaurant Matar\u00f3","og_url":"https:\/\/sangioveserestaurant.com\/ca\/cistell\/","og_site_name":"Sangiovese Restaurant Matar\u00f3","article_publisher":"https:\/\/www.facebook.com\/sangioveserestaurant\/","article_modified_time":"2022-09-28T18:30:17+00:00","twitter_card":"summary_large_image","twitter_description":"[woocommerce_cart]","schema":{"@context":"https:\/\/schema.org","@graph":[{"@type":"WebPage","@id":"https:\/\/sangioveserestaurant.com\/ca\/cistell\/","url":"https:\/\/sangioveserestaurant.com\/ca\/cistell\/","name":"Cistella - Sangiovese Restaurant Matar\u00f3","isPartOf":{"@id":"https:\/\/sangioveserestaurant.com\/ca\/#website"},"datePublished":"2020-10-06T08:49:28+00:00","dateModified":"2022-09-28T18:30:17+00:00","breadcrumb":{"@id":"https:\/\/sangioveserestaurant.com\/ca\/cistell\/#breadcrumb"},"inLanguage":"ca","potentialAction":[{"@type":"ReadAction","target":["https:\/\/sangioveserestaurant.com\/ca\/cistell\/"]}]},{"@type":"BreadcrumbList","@id":"https:\/\/sangioveserestaurant.com\/ca\/cistell\/#breadcrumb","itemListElement":[{"@type":"ListItem","position":1,"name":"Portada","item":"https:\/\/sangioveserestaurant.com\/ca\/"},{"@type":"ListItem","position":2,"name":"Cistella"}]},{"@type":"WebSite","@id":"https:\/\/sangioveserestaurant.com\/ca\/#website","url":"https:\/\/sangioveserestaurant.com\/ca\/","name":"Sangiovese Restaurant Matar\u00f3","description":"Cocina creativa mediterr\u00e1nea en Matar\u00f3.","potentialAction":[{"@type":"SearchAction","target":{"@type":"EntryPoint","urlTemplate":"https:\/\/sangioveserestaurant.com\/ca\/?s={search_term_string}"},"query-input":"required name=search_term_string"}],"inLanguage":"ca"}]}},"_links":{"self":[{"href":"https:\/\/sangioveserestaurant.com\/ca\/wp-json\/wp\/v2\/pages\/29617","targetHints":{"allow":["GET"]}}],"collection":[{"href":"https:\/\/sangioveserestaurant.com\/ca\/wp-json\/wp\/v2\/pages"}],"about":[{"href":"https:\/\/sangioveserestaurant.com\/ca\/wp-json\/wp\/v2\/types\/page"}],"author":[{"embeddable":true,"href":"https:\/\/sangioveserestaurant.com\/ca\/wp-json\/wp\/v2\/users\/1"}],"replies":[{"embeddable":true,"href":"https:\/\/sangioveserestaurant.com\/ca\/wp-json\/wp\/v2\/comments?post=29617"}],"version-history":[{"count":6,"href":"https:\/\/sangioveserestaurant.com\/ca\/wp-json\/wp\/v2\/pages\/29617\/revisions"}],"predecessor-version":[{"id":51955,"href":"https:\/\/sangioveserestaurant.com\/ca\/wp-json\/wp\/v2\/pages\/29617\/revisions\/51955"}],"wp:attachment":[{"href":"https:\/\/sangioveserestaurant.com\/ca\/wp-json\/wp\/v2\/media?parent=29617"}],"curies":[{"name":"wp","href":"https:\/\/api.w.org\/{rel}","templated":true}]}}