{"id":29463,"date":"2020-10-01T11:39:50","date_gmt":"2020-10-01T11:39:50","guid":{"rendered":"https:\/\/sangioveserestaurant.com\/politica-de-cookies\/"},"modified":"2020-10-01T11:39:50","modified_gmt":"2020-10-01T11:39:50","slug":"politica-de-cookies","status":"publish","type":"page","link":"https:\/\/sangioveserestaurant.com\/ca\/politica-de-cookies\/","title":{"rendered":"Pol\u00edtica de Cookies"},"content":{"rendered":"<p>[et_pb_section fb_built=&#8221;1&#8243; _builder_version=&#8221;4.6.5&#8243; _module_preset=&#8221;default&#8221;][et_pb_row _builder_version=&#8221;4.6.5&#8243; _module_preset=&#8221;default&#8221;][et_pb_column _builder_version=&#8221;4.6.5&#8243; _module_preset=&#8221;default&#8221; type=&#8221;4_4&#8243;][et_pb_text _builder_version=&#8221;4.6.5&#8243; _module_preset=&#8221;default&#8221; hover_enabled=&#8221;0&#8243; sticky_enabled=&#8221;0&#8243;]<\/p>\n<h1 class=\"entry-title main_title\">Pol\u00edtica de Cookies<\/h1>\n<div class=\"entry-content\">\n<p>En compliment amb l&#8217;article 22 de la Llei 34\/2002, de 11 de juliol, de serveis de la societat de la informaci\u00f3 i de comer\u00e7 electr\u00f2nic (LSSI), en relaci\u00f3 amb el Reglament (UE) 2016\/679 de el Parlament Europeu i de l&#8217; Consell, de 27 d&#8217;abril de 2016, General de Protecci\u00f3 de Dades (RGPD) i la Llei Org\u00e0nica 3\/2018, de 5 de desembre, de Protecci\u00f3 de Dades i garantia dels drets digitals (LOPDGDD), Sangiovese, SL posa a disposici\u00f3 dels usuaris la Pol\u00edtica de recollida i tractament de galetes de la p\u00e0gina web.<\/p>\n<h2>Qu\u00e9 son les Cookies<\/h2>\n<p>Una Cookie \u00e9s un fitxer que es descarrega al seu ordinador a l&#8217;entrar a determinades p\u00e0gines web. Les cookies permeten a una p\u00e0gina web, entre altres coses, emmagatzemar i recuperar informaci\u00f3 sobre els seus h\u00e0bits de navegaci\u00f3 i -depenent de la informaci\u00f3 que continguin i de la forma en qu\u00e8 utilitzi el seu equip- poden utilitzar-se per identificar-lo.<\/p>\n<h2>Cookies utilitzades en la Web<\/h2>\n<p>A continuaci\u00f3 es classifiquen les cookies utilitzades pel lloc<br \/>Web <a href=\"https:\/\/sangioveserestaurant.com\/ca\/politica-de-cookies\/?lang=ca\">https:\/\/sangioveserestaurant.com<\/a>:<\/p>\n<p><b>Segons l&#8217;entitat que les gestiona<\/b><\/p>\n<ul>\n<li><b>Cookies propies:<\/b> S\u00f3n aquelles enviades i gestionades directament per Sangiovese, SL.<\/li>\n<li><b>Cookies de tercers:<\/b> S\u00f3n aquelles que s&#8217;envien a l&#8217;usuari des d&#8217;un domini ali\u00e8 a Sangiovese, SL.<\/li>\n<\/ul>\n<p><b>Segons la finalitat<\/b><\/p>\n<ul>\n<li><b>Cookies t\u00e9cniques:<\/b> S\u00f3n aquelles que permeten als usuaris registrats navegar a trav\u00e9s de la p\u00e0gina Web, de l&#8217;\u00e0rea restringida i a utilitzar les seves diferents funcions, com per exemple, el sistema de comentaris o el cercador o dur a terme el proc\u00e9s de compra d&#8217;un Producte o Servei.<\/li>\n<li><b>Cookies de personalitzaci\u00f3:<\/b> S\u00f3n aquelles que permeten als usuaris accedir a el Servei amb algunes caracter\u00edstiques de car\u00e0cter general predefinides en funci\u00f3 d&#8217;una s\u00e8rie de criteris establerts per l&#8217;usuari com, per exemple, l&#8217;idioma o el tipus de navegador a trav\u00e9s del qual es connecta a aquest lloc web .<\/li>\n<li><b>Cookies de an\u00e1lisis o medici\u00f3:<\/b> S\u00f3n aquelles que, ben tractades pel lloc web o per tercers, permeten quantificar el nombre d&#8217;usuaris i aix\u00ed realitzar el mesurament i an\u00e0lisi estad\u00edstica de la utilitzaci\u00f3 que fan els usuaris de la p\u00e0gina web. Per aix\u00f2 s&#8217;analitza la navegaci\u00f3 que realitzes en aquest lloc web per tal de millorar-lo.<\/li>\n<li><b>Cookies socials:<\/b> S\u00f3n establertes per les plataformes de xarxes socials per permetre als usuaris compartir contingut amb els seus amics i xarxes.<\/li>\n<\/ul>\n<p>&nbsp;<\/p>\n<p><b>Seg\u00fan la durada<\/b><\/p>\n<ul>\n<li><b>Cookies de sesi\u00f3:<\/b> S\u00f3n aquelles dissenyades per a demanar i emmagatzemar dades mentre l&#8217;usuari accedeix a la p\u00e0gina web.<\/li>\n<li><b>Cookies persistents:<\/b> S\u00f3n aquelles en qu\u00e8 les dades segueixen emmagatzemats en el terminal de l&#8217;usuari i poden ser accedits i tractats durant un per\u00edode definit pel responsable de la galeta.<\/li>\n<\/ul>\n<p>&nbsp;<\/p>\n<h2>Llistat de cookies utilitzades<\/h2>\n<p>Aquest lloc web pot instal\u00b7lar les galetes seg\u00fcents:<\/p>\n<p><b>Cookies t\u00e9cnicas<\/b><\/p>\n<ul>\n<li><b>wp-settings-{user_id}:<\/b> Cookie t\u00e8cnica que es fa servir per mantenir la configuraci\u00f3 de l&#8217;usuari en wp-admin. \u00c9s persistent i t\u00e9 una durada d&#8217;1 any.<\/li>\n<li><b>hasConsent:<\/b> Cookie t\u00e8cnica que emmagatzema el consentiment de l&#8217;usuari. \u00c9s persistent i t\u00e9 una durada d&#8217;1 any.<\/li>\n<\/ul>\n<p>&nbsp;<\/p>\n<p><b>Cookies de an\u00e1lisis o medici\u00f3n<\/b><\/p>\n<ul>\n<li><strong>_ga:<\/strong> Cookie Anal\u00edtica que habilita la funci\u00f3 de control de visites \u00faniques. \u00c9s persistent i t\u00e9 una durada de 2 anys.<\/li>\n<li><strong>_gat:<\/strong> Cookie Anal\u00edtica per limitar el nombre de sol\u00b7licituds. El seu \u00e0mbit \u00e9s la sessi\u00f3 i t\u00e9 una durada d&#8217;1 minut.<\/li>\n<li><strong>_gid:<\/strong> Cookie Anal\u00edtica per distingir usuaris. El seu \u00e0mbit \u00e9s la sessi\u00f3 i t\u00e9 una durada de 24 hores.<\/li>\n<\/ul>\n<p>Informaci\u00f3n adicional:<\/p>\n<ul>\n<li>Google Analytics pot instal\u00b7lar altres cookies segons el document \u00das de les cookies de Google Analytics en llocs web.<\/li>\n<\/ul>\n<p><b>Cookies sociales<\/b><\/p>\n<ul>\n<li>El lloc web inclou altres funcionalitats proporcionades per serveis de tercers i xarxes socials per millorar l&#8217;experi\u00e8ncia dels visitants. Vost\u00e8 pot compartir el contingut a les teves xarxes socials com \u00abFacebook\u00bb, \u00abTwitter\u00bb, \u00abInstagram\u00bb, \u00abVimeo\u00bb o \u00abYouTube\u00bb amb els botons inclosos a aquest efecte o amb les eines per compartir pr\u00f2pies de les xarxes socials. Com a resultat, aquests serveis poden instal\u00b7lar cookies i utilitzar-les per rastrejar la seva activitat en l\u00ednia. No tenim control directe sobre la informaci\u00f3 recopilada per aquestes galetes.<\/li>\n<\/ul>\n<h2>Aceptaci\u00f3 o rebuig de la instalaci\u00f3 de cookies<\/h2>\n<p>Sangiovese, SL mostra informaci\u00f3 sobre la seva Pol\u00edtica de cookies al banner de galetes accessible a totes les p\u00e0gines del Lloc Web. El banner de cookies mostra informaci\u00f3 essencial sobre el tractament de dades i permet a l&#8217;usuari realitzar les seg\u00fcents accions:<\/p>\n<p>&nbsp;<\/p>\n<ul>\n<li><b>Aceptar la instalaci\u00f3 de cookies<\/b>.<\/li>\n<li><b>Rebutjar la instalaci\u00f3 de cookies<\/b> o retirar el consentiment previament donat.<\/li>\n<li><b>Informaci\u00f3n adicional<\/b> sobre qu\u00e8 s\u00f3n les cookies, con\u00e8ixer la Pol\u00edtica de Cookies i modificar la configuraci\u00f3 per acceptar o rebutjar les galetes en qualsevol moment. En els seg\u00fcents enlla\u00e7os trobareu instruccions per habilitar o desactivar les cookies en els navegadors m\u00e9s comuns.<\/li>\n<\/ul>\n<p>&nbsp;<\/p>\n<h2>Eliminaci\u00f3 de cookies<\/h2>\n<p>Vost\u00e8 pot acceptar, bloquejar o eliminar les cookies instal\u00b7lades en el seu equip mitjan\u00e7ant la configuraci\u00f3 de les opcions de el navegador, per\u00f2 part de el lloc no funcionar\u00e0 correctament o la seva qualitat es pot veure afectada.<\/p>\n<p>En els seg\u00fcents enlla\u00e7os trobareu instruccions per habilitar o desactivar les cookies en els navegadors m\u00e9s comuns.<\/p>\n<p>&nbsp;<\/p>\n<ul>\n<li><b>Firefox<\/b>\u00a0<a href=\"http:\/\/support.mozilla.org\/es\/kb\/habilitar-y-deshabilitar-cookies-que-los-sitios-we\" target=\"_blank\" rel=\"nofollow noopener noreferrer\">http:\/\/support.mozilla.org\/es\/kb\/habilitar-y-deshabilitar-cookies-que-los-sitios-we<\/a><\/li>\n<li><b>Google Chrome<\/b>\u00a0<a href=\"https:\/\/support.google.com\/chrome\/answer\/95647?hl=es\" target=\"_blank\" rel=\"noopener noreferrer nofollow\">https:\/\/support.google.com\/chrome\/answer\/95647?hl=es<\/a><\/li>\n<li><b>Internet Explorer<\/b>\u00a0<a href=\"https:\/\/support.microsoft.com\/es-es\/help\/17442\/windows-internet-explorer-delete-manage-cookies#ie=%22ie-10%22\" target=\"_blank\" rel=\"noopener noreferrer nofollow\" data-et-has-event-already=\"true\">https:\/\/support.microsoft.com\/es-es\/help\/17442\/windows-internet-explorer-delete-manage-cookies#ie=&#8221;ie-10&#8243;<\/a><\/li>\n<li><b>Microsoft Edge<\/b>\u00a0<a href=\"https:\/\/support.microsoft.com\/es-es\/help\/4468242\/microsoft-edge-browsing-data-and-privacy\" target=\"_blank\" rel=\"noopener noreferrer nofollow\">https:\/\/support.microsoft.com\/es-es\/help\/4468242\/microsoft-edge-browsing-data-and-privacy<\/a><\/li>\n<li><b>Safari<\/b>\u00a0<a href=\"http:\/\/support.apple.com\/kb\/HT1677?viewlocale=es_ES\" target=\"_blank\" rel=\"nofollow noopener noreferrer\">http:\/\/support.apple.com\/kb\/HT1677?viewlocale=es_ES<\/a><\/li>\n<\/ul>\n<p>&nbsp;<\/p>\n<h2>Tractament de Dades Personales<\/h2>\n<p>Sangiovese, SL \u00e9s el responsable de l&#8217;tractament de les dades personals de l&#8217;usuari.<\/p>\n<h2>Contacto<\/h2>\n<p>En cas que tingui qualsevol dubte sobre aquesta Pol\u00edtica de Cookies o vulgui fer qualsevol comentari sobre aquest lloc web, pot enviar un missatge de correu electr\u00f2nic a l&#8217;adre\u00e7a Muralla Sant Lloren\u00e7, 32, Matar\u00f3 08302.<\/p>\n<\/div>\n<p>[\/et_pb_text][\/et_pb_column][\/et_pb_row][\/et_pb_section]<\/p>\n","protected":false},"excerpt":{"rendered":"<p>Pol\u00edtica de Cookies En compliment amb l&#8217;article 22 de la Llei 34\/2002, de 11 de juliol, de serveis de la societat de la informaci\u00f3 i de comer\u00e7 electr\u00f2nic (LSSI), en relaci\u00f3 amb el Reglament (UE) 2016\/679 de el Parlament Europeu i de l&#8217; Consell, de 27 d&#8217;abril de 2016, General de Protecci\u00f3 de Dades (RGPD) [&hellip;]<\/p>\n","protected":false},"author":1,"featured_media":0,"parent":0,"menu_order":0,"comment_status":"closed","ping_status":"closed","template":"","meta":{"_et_pb_use_builder":"on","_et_pb_old_content":"","_et_gb_content_width":"","_monsterinsights_skip_tracking":false,"_monsterinsights_sitenote_active":false,"_monsterinsights_sitenote_note":"","_monsterinsights_sitenote_category":0,"footnotes":""},"class_list":["post-29463","page","type-page","status-publish","hentry"],"aioseo_notices":[],"yoast_head":"<!-- This site is optimized with the Yoast SEO plugin v21.3 - https:\/\/yoast.com\/wordpress\/plugins\/seo\/ -->\n<title>Pol\u00edtica de Cookies - Sangiovese Restaurant Matar\u00f3<\/title>\n<meta name=\"robots\" content=\"index, follow, max-snippet:-1, max-image-preview:large, max-video-preview:-1\" \/>\n<link rel=\"canonical\" href=\"https:\/\/sangioveserestaurant.com\/ca\/politica-de-cookies\/\" \/>\n<meta property=\"og:locale\" content=\"ca_ES\" \/>\n<meta property=\"og:type\" content=\"article\" \/>\n<meta property=\"og:title\" content=\"Pol\u00edtica de Cookies - Sangiovese Restaurant Matar\u00f3\" \/>\n<meta property=\"og:description\" content=\"Pol\u00edtica de Cookies En compliment amb l&#039;article 22 de la Llei 34\/2002, de 11 de juliol, de serveis de la societat de la informaci\u00f3 i de comer\u00e7 electr\u00f2nic (LSSI), en relaci\u00f3 amb el Reglament (UE) 2016\/679 de el Parlament Europeu i de l&#039; Consell, de 27 d&#039;abril de 2016, General de Protecci\u00f3 de Dades (RGPD) [&hellip;]\" \/>\n<meta property=\"og:url\" content=\"https:\/\/sangioveserestaurant.com\/ca\/politica-de-cookies\/\" \/>\n<meta property=\"og:site_name\" content=\"Sangiovese Restaurant Matar\u00f3\" \/>\n<meta property=\"article:publisher\" content=\"https:\/\/www.facebook.com\/sangioveserestaurant\/\" \/>\n<meta name=\"twitter:card\" content=\"summary_large_image\" \/>\n<script type=\"application\/ld+json\" class=\"yoast-schema-graph\">{\"@context\":\"https:\/\/schema.org\",\"@graph\":[{\"@type\":\"WebPage\",\"@id\":\"https:\/\/sangioveserestaurant.com\/ca\/politica-de-cookies\/\",\"url\":\"https:\/\/sangioveserestaurant.com\/ca\/politica-de-cookies\/\",\"name\":\"Pol\u00edtica de Cookies - Sangiovese Restaurant Matar\u00f3\",\"isPartOf\":{\"@id\":\"https:\/\/sangioveserestaurant.com\/ca\/#website\"},\"datePublished\":\"2020-10-01T11:39:50+00:00\",\"dateModified\":\"2020-10-01T11:39:50+00:00\",\"breadcrumb\":{\"@id\":\"https:\/\/sangioveserestaurant.com\/ca\/politica-de-cookies\/#breadcrumb\"},\"inLanguage\":\"ca\",\"potentialAction\":[{\"@type\":\"ReadAction\",\"target\":[\"https:\/\/sangioveserestaurant.com\/ca\/politica-de-cookies\/\"]}]},{\"@type\":\"BreadcrumbList\",\"@id\":\"https:\/\/sangioveserestaurant.com\/ca\/politica-de-cookies\/#breadcrumb\",\"itemListElement\":[{\"@type\":\"ListItem\",\"position\":1,\"name\":\"Portada\",\"item\":\"https:\/\/sangioveserestaurant.com\/ca\/\"},{\"@type\":\"ListItem\",\"position\":2,\"name\":\"Pol\u00edtica de Cookies\"}]},{\"@type\":\"WebSite\",\"@id\":\"https:\/\/sangioveserestaurant.com\/ca\/#website\",\"url\":\"https:\/\/sangioveserestaurant.com\/ca\/\",\"name\":\"Sangiovese Restaurant Matar\u00f3\",\"description\":\"Cocina creativa mediterr\u00e1nea en Matar\u00f3.\",\"potentialAction\":[{\"@type\":\"SearchAction\",\"target\":{\"@type\":\"EntryPoint\",\"urlTemplate\":\"https:\/\/sangioveserestaurant.com\/ca\/?s={search_term_string}\"},\"query-input\":\"required name=search_term_string\"}],\"inLanguage\":\"ca\"}]}<\/script>\n<!-- \/ Yoast SEO plugin. -->","yoast_head_json":{"title":"Pol\u00edtica de Cookies - Sangiovese Restaurant Matar\u00f3","robots":{"index":"index","follow":"follow","max-snippet":"max-snippet:-1","max-image-preview":"max-image-preview:large","max-video-preview":"max-video-preview:-1"},"canonical":"https:\/\/sangioveserestaurant.com\/ca\/politica-de-cookies\/","og_locale":"ca_ES","og_type":"article","og_title":"Pol\u00edtica de Cookies - Sangiovese Restaurant Matar\u00f3","og_description":"Pol\u00edtica de Cookies En compliment amb l'article 22 de la Llei 34\/2002, de 11 de juliol, de serveis de la societat de la informaci\u00f3 i de comer\u00e7 electr\u00f2nic (LSSI), en relaci\u00f3 amb el Reglament (UE) 2016\/679 de el Parlament Europeu i de l' Consell, de 27 d'abril de 2016, General de Protecci\u00f3 de Dades (RGPD) [&hellip;]","og_url":"https:\/\/sangioveserestaurant.com\/ca\/politica-de-cookies\/","og_site_name":"Sangiovese Restaurant Matar\u00f3","article_publisher":"https:\/\/www.facebook.com\/sangioveserestaurant\/","twitter_card":"summary_large_image","schema":{"@context":"https:\/\/schema.org","@graph":[{"@type":"WebPage","@id":"https:\/\/sangioveserestaurant.com\/ca\/politica-de-cookies\/","url":"https:\/\/sangioveserestaurant.com\/ca\/politica-de-cookies\/","name":"Pol\u00edtica de Cookies - Sangiovese Restaurant Matar\u00f3","isPartOf":{"@id":"https:\/\/sangioveserestaurant.com\/ca\/#website"},"datePublished":"2020-10-01T11:39:50+00:00","dateModified":"2020-10-01T11:39:50+00:00","breadcrumb":{"@id":"https:\/\/sangioveserestaurant.com\/ca\/politica-de-cookies\/#breadcrumb"},"inLanguage":"ca","potentialAction":[{"@type":"ReadAction","target":["https:\/\/sangioveserestaurant.com\/ca\/politica-de-cookies\/"]}]},{"@type":"BreadcrumbList","@id":"https:\/\/sangioveserestaurant.com\/ca\/politica-de-cookies\/#breadcrumb","itemListElement":[{"@type":"ListItem","position":1,"name":"Portada","item":"https:\/\/sangioveserestaurant.com\/ca\/"},{"@type":"ListItem","position":2,"name":"Pol\u00edtica de Cookies"}]},{"@type":"WebSite","@id":"https:\/\/sangioveserestaurant.com\/ca\/#website","url":"https:\/\/sangioveserestaurant.com\/ca\/","name":"Sangiovese Restaurant Matar\u00f3","description":"Cocina creativa mediterr\u00e1nea en Matar\u00f3.","potentialAction":[{"@type":"SearchAction","target":{"@type":"EntryPoint","urlTemplate":"https:\/\/sangioveserestaurant.com\/ca\/?s={search_term_string}"},"query-input":"required name=search_term_string"}],"inLanguage":"ca"}]}},"_links":{"self":[{"href":"https:\/\/sangioveserestaurant.com\/ca\/wp-json\/wp\/v2\/pages\/29463","targetHints":{"allow":["GET"]}}],"collection":[{"href":"https:\/\/sangioveserestaurant.com\/ca\/wp-json\/wp\/v2\/pages"}],"about":[{"href":"https:\/\/sangioveserestaurant.com\/ca\/wp-json\/wp\/v2\/types\/page"}],"author":[{"embeddable":true,"href":"https:\/\/sangioveserestaurant.com\/ca\/wp-json\/wp\/v2\/users\/1"}],"replies":[{"embeddable":true,"href":"https:\/\/sangioveserestaurant.com\/ca\/wp-json\/wp\/v2\/comments?post=29463"}],"version-history":[{"count":2,"href":"https:\/\/sangioveserestaurant.com\/ca\/wp-json\/wp\/v2\/pages\/29463\/revisions"}],"predecessor-version":[{"id":29465,"href":"https:\/\/sangioveserestaurant.com\/ca\/wp-json\/wp\/v2\/pages\/29463\/revisions\/29465"}],"wp:attachment":[{"href":"https:\/\/sangioveserestaurant.com\/ca\/wp-json\/wp\/v2\/media?parent=29463"}],"curies":[{"name":"wp","href":"https:\/\/api.w.org\/{rel}","templated":true}]}}