{"id":28951,"date":"2020-07-02T10:00:23","date_gmt":"2020-07-02T10:00:23","guid":{"rendered":"https:\/\/sangioveserestaurant.com\/proximament\/"},"modified":"2020-07-02T10:09:24","modified_gmt":"2020-07-02T10:09:24","slug":"proximament","status":"publish","type":"page","link":"https:\/\/sangioveserestaurant.com\/ca\/proximament\/","title":{"rendered":"pr\u00f2ximament"},"content":{"rendered":"<p>[et_pb_section fb_built=&#8221;1&#8243; custom_padding_last_edited=&#8221;on|desktop&#8221; admin_label=&#8221;#07&#8243; _builder_version=&#8221;4.4.6&#8243; background_color=&#8221;rgba(133,33,158,0)&#8221; background_image=&#8221;https:\/\/sangioveserestaurant.com\/wp-content\/uploads\/2020\/05\/portada5.png&#8221; width=&#8221;100%&#8221; max_width=&#8221;100%&#8221; module_alignment=&#8221;center&#8221; min_height=&#8221;471px&#8221; height=&#8221;732px&#8221; max_height=&#8221;486px&#8221; custom_padding=&#8221;127px||235px||false|&#8221; custom_padding_tablet=&#8221;50px|0|50px|0&#8243; custom_padding_phone=&#8221;&#8221; hover_enabled=&#8221;0&#8243; transparent_background=&#8221;off&#8221; padding_mobile=&#8221;off&#8221; make_fullwidth=&#8221;off&#8221; use_custom_width=&#8221;off&#8221; width_unit=&#8221;on&#8221; collapsed=&#8221;on&#8221;][et_pb_row _builder_version=&#8221;4.4.7&#8243;][et_pb_column _builder_version=&#8221;4.4.7&#8243; type=&#8221;4_4&#8243;][et_pb_text _builder_version=&#8221;4.4.7&#8243; text_font=&#8221;Oswald||||||||&#8221; text_font_size=&#8221;59px&#8221; text_letter_spacing=&#8221;32px&#8221; text_line_height=&#8221;1.8em&#8221; text_text_color=&#8221;#ffffff&#8221; text_text_shadow_style=&#8221;preset1&#8243; hover_enabled=&#8221;0&#8243; box_shadow_style=&#8221;preset5&#8243; box_shadow_color=&#8221;#ffffff&#8221;]<\/p>\n<p style=\"text-align: center;\">PR\u00d2XIMAMENT<br \/>\nNOVA WEB<\/p>\n<p>[\/et_pb_text][\/et_pb_column][\/et_pb_row][\/et_pb_section][et_pb_section fb_built=&#8221;1&#8243; fullwidth=&#8221;on&#8221; _builder_version=&#8221;4.4.6&#8243;][et_pb_fullwidth_header title=&#8221;SANGIOVESE PER EMPORTAR&#8221; text_orientation=&#8221;center&#8221; button_one_text=&#8221;SERVEI PER EMPORTAR&#8221; button_one_url=&#8221;@ET-DC@eyJkeW5hbWljIjp0cnVlLCJjb250ZW50IjoicG9zdF9saW5rX3VybF9wYWdlIiwic2V0dGluZ3MiOnsicG9zdF9pZCI6IjI4NTU2In19@&#8221; button_two_text=&#8221;TRUCAR PER TEL\u00c8FON&#8221; button_two_url=&#8221;&lt;a href=%22tel:+34937410267%22&gt;&lt;\/a&gt;&#8221; _builder_version=&#8221;4.4.7&#8243; _dynamic_attributes=&#8221;button_one_url&#8221; title_text_align=&#8221;center&#8221; title_text_color=&#8221;#31496C&#8221; title_font_size=&#8221;55px&#8221; title_letter_spacing=&#8221;4px&#8221; title_line_height=&#8221;1.6em&#8221; content_text_color=&#8221;#31496C&#8221; content_font_size=&#8221;23px&#8221; background_color=&#8221;rgba(0,0,0,0)&#8221; custom_button_one=&#8221;on&#8221; button_one_text_size=&#8221;33px&#8221; button_one_text_color=&#8221;#31496C&#8221; button_one_use_icon=&#8221;off&#8221; custom_button_two=&#8221;on&#8221; button_two_text_size=&#8221;33px&#8221; button_two_text_color=&#8221;#31496c&#8221; button_two_use_icon=&#8221;off&#8221; module_alignment=&#8221;center&#8221; custom_padding=&#8221;0px||4px|||&#8221; hover_enabled=&#8221;0&#8243;]En exclusiva, menjar per a portar!<br \/>\nFes clic en la carta de plats per a recollir i segueix les instruccions.<br \/>\n[\/et_pb_fullwidth_header][\/et_pb_section]<\/p>\n","protected":false},"excerpt":{"rendered":"<p>PR\u00d2XIMAMENT NOVA WEB En exclusiva, menjar per a portar! Fes clic en la carta de plats per a recollir i segueix les instruccions.<\/p>\n","protected":false},"author":1,"featured_media":0,"parent":0,"menu_order":0,"comment_status":"closed","ping_status":"closed","template":"","meta":{"_et_pb_use_builder":"on","_et_pb_old_content":"","_et_gb_content_width":"","_monsterinsights_skip_tracking":false,"_monsterinsights_sitenote_active":false,"_monsterinsights_sitenote_note":"","_monsterinsights_sitenote_category":0,"footnotes":""},"class_list":["post-28951","page","type-page","status-publish","hentry"],"aioseo_notices":[],"yoast_head":"<!-- This site is optimized with the Yoast SEO plugin v21.3 - https:\/\/yoast.com\/wordpress\/plugins\/seo\/ -->\n<title>pr\u00f2ximament - Sangiovese Restaurant Matar\u00f3<\/title>\n<meta name=\"robots\" content=\"index, follow, max-snippet:-1, max-image-preview:large, max-video-preview:-1\" \/>\n<link rel=\"canonical\" href=\"https:\/\/sangioveserestaurant.com\/ca\/proximament\/\" \/>\n<meta property=\"og:locale\" content=\"ca_ES\" \/>\n<meta property=\"og:type\" content=\"article\" \/>\n<meta property=\"og:title\" content=\"pr\u00f2ximament - Sangiovese Restaurant Matar\u00f3\" \/>\n<meta property=\"og:description\" content=\"PR\u00d2XIMAMENT NOVA WEB En exclusiva, menjar per a portar! Fes clic en la carta de plats per a recollir i segueix les instruccions.\" \/>\n<meta property=\"og:url\" content=\"https:\/\/sangioveserestaurant.com\/ca\/proximament\/\" \/>\n<meta property=\"og:site_name\" content=\"Sangiovese Restaurant Matar\u00f3\" \/>\n<meta property=\"article:publisher\" content=\"https:\/\/www.facebook.com\/sangioveserestaurant\/\" \/>\n<meta property=\"article:modified_time\" content=\"2020-07-02T10:09:24+00:00\" \/>\n<meta name=\"twitter:card\" content=\"summary_large_image\" \/>\n<script type=\"application\/ld+json\" class=\"yoast-schema-graph\">{\"@context\":\"https:\/\/schema.org\",\"@graph\":[{\"@type\":\"WebPage\",\"@id\":\"https:\/\/sangioveserestaurant.com\/ca\/proximament\/\",\"url\":\"https:\/\/sangioveserestaurant.com\/ca\/proximament\/\",\"name\":\"pr\u00f2ximament - Sangiovese Restaurant Matar\u00f3\",\"isPartOf\":{\"@id\":\"https:\/\/sangioveserestaurant.com\/ca\/#website\"},\"datePublished\":\"2020-07-02T10:00:23+00:00\",\"dateModified\":\"2020-07-02T10:09:24+00:00\",\"breadcrumb\":{\"@id\":\"https:\/\/sangioveserestaurant.com\/ca\/proximament\/#breadcrumb\"},\"inLanguage\":\"ca\",\"potentialAction\":[{\"@type\":\"ReadAction\",\"target\":[\"https:\/\/sangioveserestaurant.com\/ca\/proximament\/\"]}]},{\"@type\":\"BreadcrumbList\",\"@id\":\"https:\/\/sangioveserestaurant.com\/ca\/proximament\/#breadcrumb\",\"itemListElement\":[{\"@type\":\"ListItem\",\"position\":1,\"name\":\"Portada\",\"item\":\"https:\/\/sangioveserestaurant.com\/ca\/\"},{\"@type\":\"ListItem\",\"position\":2,\"name\":\"pr\u00f2ximament\"}]},{\"@type\":\"WebSite\",\"@id\":\"https:\/\/sangioveserestaurant.com\/ca\/#website\",\"url\":\"https:\/\/sangioveserestaurant.com\/ca\/\",\"name\":\"Sangiovese Restaurant Matar\u00f3\",\"description\":\"Cocina creativa mediterr\u00e1nea en Matar\u00f3.\",\"potentialAction\":[{\"@type\":\"SearchAction\",\"target\":{\"@type\":\"EntryPoint\",\"urlTemplate\":\"https:\/\/sangioveserestaurant.com\/ca\/?s={search_term_string}\"},\"query-input\":\"required name=search_term_string\"}],\"inLanguage\":\"ca\"}]}<\/script>\n<!-- \/ Yoast SEO plugin. -->","yoast_head_json":{"title":"pr\u00f2ximament - Sangiovese Restaurant Matar\u00f3","robots":{"index":"index","follow":"follow","max-snippet":"max-snippet:-1","max-image-preview":"max-image-preview:large","max-video-preview":"max-video-preview:-1"},"canonical":"https:\/\/sangioveserestaurant.com\/ca\/proximament\/","og_locale":"ca_ES","og_type":"article","og_title":"pr\u00f2ximament - Sangiovese Restaurant Matar\u00f3","og_description":"PR\u00d2XIMAMENT NOVA WEB En exclusiva, menjar per a portar! Fes clic en la carta de plats per a recollir i segueix les instruccions.","og_url":"https:\/\/sangioveserestaurant.com\/ca\/proximament\/","og_site_name":"Sangiovese Restaurant Matar\u00f3","article_publisher":"https:\/\/www.facebook.com\/sangioveserestaurant\/","article_modified_time":"2020-07-02T10:09:24+00:00","twitter_card":"summary_large_image","schema":{"@context":"https:\/\/schema.org","@graph":[{"@type":"WebPage","@id":"https:\/\/sangioveserestaurant.com\/ca\/proximament\/","url":"https:\/\/sangioveserestaurant.com\/ca\/proximament\/","name":"pr\u00f2ximament - Sangiovese Restaurant Matar\u00f3","isPartOf":{"@id":"https:\/\/sangioveserestaurant.com\/ca\/#website"},"datePublished":"2020-07-02T10:00:23+00:00","dateModified":"2020-07-02T10:09:24+00:00","breadcrumb":{"@id":"https:\/\/sangioveserestaurant.com\/ca\/proximament\/#breadcrumb"},"inLanguage":"ca","potentialAction":[{"@type":"ReadAction","target":["https:\/\/sangioveserestaurant.com\/ca\/proximament\/"]}]},{"@type":"BreadcrumbList","@id":"https:\/\/sangioveserestaurant.com\/ca\/proximament\/#breadcrumb","itemListElement":[{"@type":"ListItem","position":1,"name":"Portada","item":"https:\/\/sangioveserestaurant.com\/ca\/"},{"@type":"ListItem","position":2,"name":"pr\u00f2ximament"}]},{"@type":"WebSite","@id":"https:\/\/sangioveserestaurant.com\/ca\/#website","url":"https:\/\/sangioveserestaurant.com\/ca\/","name":"Sangiovese Restaurant Matar\u00f3","description":"Cocina creativa mediterr\u00e1nea en Matar\u00f3.","potentialAction":[{"@type":"SearchAction","target":{"@type":"EntryPoint","urlTemplate":"https:\/\/sangioveserestaurant.com\/ca\/?s={search_term_string}"},"query-input":"required name=search_term_string"}],"inLanguage":"ca"}]}},"_links":{"self":[{"href":"https:\/\/sangioveserestaurant.com\/ca\/wp-json\/wp\/v2\/pages\/28951","targetHints":{"allow":["GET"]}}],"collection":[{"href":"https:\/\/sangioveserestaurant.com\/ca\/wp-json\/wp\/v2\/pages"}],"about":[{"href":"https:\/\/sangioveserestaurant.com\/ca\/wp-json\/wp\/v2\/types\/page"}],"author":[{"embeddable":true,"href":"https:\/\/sangioveserestaurant.com\/ca\/wp-json\/wp\/v2\/users\/1"}],"replies":[{"embeddable":true,"href":"https:\/\/sangioveserestaurant.com\/ca\/wp-json\/wp\/v2\/comments?post=28951"}],"version-history":[{"count":5,"href":"https:\/\/sangioveserestaurant.com\/ca\/wp-json\/wp\/v2\/pages\/28951\/revisions"}],"predecessor-version":[{"id":28968,"href":"https:\/\/sangioveserestaurant.com\/ca\/wp-json\/wp\/v2\/pages\/28951\/revisions\/28968"}],"wp:attachment":[{"href":"https:\/\/sangioveserestaurant.com\/ca\/wp-json\/wp\/v2\/media?parent=28951"}],"curies":[{"name":"wp","href":"https:\/\/api.w.org\/{rel}","templated":true}]}}